{"id":861,"date":"2019-04-12T03:24:27","date_gmt":"2019-04-12T03:24:27","guid":{"rendered":"https:\/\/goya.everthemes.com\/demo-fashion\/?page_id=861"},"modified":"2026-04-11T13:41:35","modified_gmt":"2026-04-11T10:41:35","slug":"home-classic","status":"publish","type":"page","link":"https:\/\/hejaco.com\/","title":{"rendered":"Ana Sayfa"},"content":{"rendered":"<div class=\"wpb-content-wrapper\">[vc_row et_full_width=&#8221;true&#8221; et_row_padding=&#8221;true&#8221;][vc_column][vc_separator css=&#8221;.vc_custom_1556305572662{margin-bottom: 0px !important;}&#8221;][vc_row_inner][vc_column_inner]\n\t\t\t\t<p class=\"rs-p-wp-fix\"><\/p>\n\t\t\t\t<sr7-module data-alias=\"home-6\" data-id=\"1\" id=\"SR7_1_1\" class=\"rs-ov-hidden\" data-version=\"6.7.41\">\n\t\t\t\t\t<sr7-adjuster><\/sr7-adjuster>\n\t\t\t\t\t<sr7-content>\n\t\t\t\t\t\t<sr7-slide id=\"SR7_1_1-1\" data-key=\"1\">\n\t\t\t\t\t\t\t<sr7-txt id=\"SR7_1_1-1-2\" class=\"sr7-layer\">Hejaco \u00d6zel Koleksiyonu<\/sr7-txt>\n\t\t\t\t\t\t\t<a id=\"SR7_1_1-1-3\" class=\"sr7-layer\" href=\"#\" target=\"_self\">Hejaco \u00d6zel Koleksiyonu\n\nZarafet\n\nHejaco\u2019nun e\u015fsiz tasar\u0131mlar\u0131yla zanaatkarl\u0131\u011f\u0131n s\u0131n\u0131rlar\u0131n\u0131 ke\u015ffedin. Her bir kolye ve bilezik, ustalar\u0131m\u0131z\u0131n ellerinde sanata d\u00f6n\u00fc\u015fen birer hikaye anlat\u0131yor.<\/a>\n\t\t\t\t\t\t<\/sr7-slide>\n\t\t\t\t\t\t<sr7-slide id=\"SR7_1_1-4\" data-key=\"4\">\n\t\t\t\t\t\t\t<sr7-txt id=\"SR7_1_1-4-12\" class=\"sr7-layer\"><svg xmlns=\"http:\/\/www.w3.org\/2000\/svg\" width=\"40\" height=\"40\" viewBox=\"0 0 24 24\" fill=\"none\" stroke=\"currentColor\" stroke-width=\"1\" stroke-linecap=\"round\" stroke-linejoin=\"round\" class=\"feather feather-arrow-down-circle\"><circle cx=\"12\" cy=\"12\" r=\"10\"><\/circle><polyline points=\"8 12 12 16 16 12\"><\/polyline><line x1=\"12\" y1=\"8\" x2=\"12\" y2=\"16\"><\/line><\/svg><\/sr7-txt>\n\t\t\t\t\t\t<\/sr7-slide>\n\t\t\t\t\t<\/sr7-content>\n\t\t\t\t<\/sr7-module>\n\t\t\t\t<script>\n\t\t\t\t\tSR7.PMH ??={}; SR7.PMH[\"SR7_1_1\"] = {cn:100,state:false,fn: function() { if (_tpt!==undefined && _tpt.prepareModuleHeight !== undefined) {  _tpt.prepareModuleHeight({id:\"SR7_1_1\",el:[972,972,768,960,720],type:'standard',shdw:'0',gh:[972,972,768,960,720],gw:[1390,1390,990,750,480],vpt:['-100px&#039;,&#039;-100px&#039;,&#039;-100px&#039;,&#039;-100px&#039;,&#039;-100px'],size:{fullWidth:true, fullHeight:true},fho:'.top-bar,',mh:'0',onh:0,onw:0,bg:{color:'{\"orig\":\"transparent\",\"type\":\"solid\",\"string\":\"transparent\"}'},plType:'2',plColor:'#FFFFFF'});   SR7.PMH[\"SR7_1_1\"].state=true;} else if(SR7.PMH[\"SR7_1_1\"].cn-->0)\tsetTimeout( SR7.PMH[\"SR7_1_1\"].fn,19);}};SR7.PMH[\"SR7_1_1\" ].fn();\n\t\t\t\t<\/script>\n[\/vc_column_inner][\/vc_row_inner][\/vc_column][\/vc_row][vc_row et_full_width=&#8221;true&#8221; et_row_padding=&#8221;true&#8221;][vc_column][vc_separator css=&#8221;.vc_custom_1556305572662{margin-bottom: 0px !important;}&#8221;][\/vc_column][\/vc_row][vc_row css=&#8221;.vc_custom_1579142113600{margin-top: 60px !important;margin-bottom: 40px !important;}&#8221;][vc_column animation=&#8221;animation bottom-to-top&#8221;][vc_row_inner el_class=&#8221;align-center&#8221;][vc_column_inner el_class=&#8221;text-center&#8221; offset=&#8221;vc_col-lg-6 vc_col-md-9&#8243;][vc_column_text css=&#8221;&#8221;]\n<h2>En \u00c7ok Tercih Edilenler<\/h2>\n<h2>Ersin U\u00e7ar Signature<\/h2>\n<p>Tak\u0131severlerin vazge\u00e7ilmezi olan, en pop\u00fcler kolye ve bilezik modellerimizi inceleyin. Kalitesi ve tasar\u0131m\u0131yla fark yaratan bu par\u00e7alar, stoklar t\u00fckenmeden sizin olabilir.[\/vc_column_text][\/vc_column_inner][\/vc_row_inner][\/vc_column][\/vc_row][vc_row et_full_width=&#8221;true&#8221; et_row_padding=&#8221;true&#8221;][vc_column][vc_separator css=&#8221;.vc_custom_1556305572662{margin-bottom: 0px !important;}&#8221;][\/vc_column][\/vc_row][vc_row css=&#8221;.vc_custom_1579142142505{margin-top: 60px !important;margin-bottom: 35px !important;}&#8221;][vc_column animation=&#8221;animation bottom-to-top&#8221;][vc_row_inner][vc_column_inner width=&#8221;1\/3&#8243;]\r\n\t\t<div class=\"et-banner-69da66eb1b274 et-banner content-full  image-type-fluid text-color-dark hover-effect  \" ><img loading=\"lazy\" decoding=\"async\" width=\"402\" height=\"537\" src=\"https:\/\/hejaco.com\/wp-content\/uploads\/2026\/04\/9.jpg\" class=\"et-banner-main-image\" alt=\"\" sizes=\"auto, (max-width: 402px) 100vw, 402px\" srcset=\"https:\/\/hejaco.com\/wp-content\/uploads\/2026\/04\/9.jpg 402w, https:\/\/hejaco.com\/wp-content\/uploads\/2026\/04\/9-225x300.jpg 225w, https:\/\/hejaco.com\/wp-content\/uploads\/2026\/04\/9-112x150.jpg 112w\" \/>\r\n\t\t<\/div>[\/vc_column_inner][vc_column_inner width=&#8221;1\/3&#8243;]\r\n\t\t<div class=\"et-banner-69da66eb1b68e et-banner content-full  image-type-fluid text-color-dark hover-effect  \" ><img loading=\"lazy\" decoding=\"async\" width=\"405\" height=\"539\" src=\"https:\/\/hejaco.com\/wp-content\/uploads\/2026\/04\/8.jpg\" class=\"et-banner-main-image\" alt=\"\" sizes=\"auto, (max-width: 405px) 100vw, 405px\" srcset=\"https:\/\/hejaco.com\/wp-content\/uploads\/2026\/04\/8.jpg 405w, https:\/\/hejaco.com\/wp-content\/uploads\/2026\/04\/8-225x300.jpg 225w, https:\/\/hejaco.com\/wp-content\/uploads\/2026\/04\/8-113x150.jpg 113w\" \/>\r\n\t\t<\/div>[\/vc_column_inner][vc_column_inner width=&#8221;1\/3&#8243;]\r\n\t\t<div class=\"et-banner-69da66eb1b911 et-banner content-full  image-type-fluid text-color-dark hover-effect  \" ><img loading=\"lazy\" decoding=\"async\" width=\"736\" height=\"736\" src=\"https:\/\/hejaco.com\/wp-content\/uploads\/2026\/04\/Gucci-Bag-2025.jpeg\" class=\"et-banner-main-image\" alt=\"\" sizes=\"auto, (max-width: 736px) 100vw, 736px\" srcset=\"https:\/\/hejaco.com\/wp-content\/uploads\/2026\/04\/Gucci-Bag-2025.jpeg 736w, https:\/\/hejaco.com\/wp-content\/uploads\/2026\/04\/Gucci-Bag-2025-300x300.jpeg 300w, https:\/\/hejaco.com\/wp-content\/uploads\/2026\/04\/Gucci-Bag-2025-150x150.jpeg 150w, https:\/\/hejaco.com\/wp-content\/uploads\/2026\/04\/Gucci-Bag-2025-450x450.jpeg 450w, https:\/\/hejaco.com\/wp-content\/uploads\/2026\/04\/Gucci-Bag-2025-100x100.jpeg 100w, https:\/\/hejaco.com\/wp-content\/uploads\/2026\/04\/Gucci-Bag-2025-50x50.jpeg 50w\" \/>\r\n\t\t<\/div>[\/vc_column_inner][\/vc_row_inner][\/vc_column][\/vc_row][vc_row et_full_width=&#8221;true&#8221; et_row_padding=&#8221;true&#8221;][vc_column][vc_separator css=&#8221;.vc_custom_1556305572662{margin-bottom: 0px !important;}&#8221;][\/vc_column][\/vc_row][vc_row css=&#8221;.vc_custom_1579111652347{margin-top: 60px !important;margin-bottom: 60px !important;}&#8221;][vc_column][vc_row_inner et_column_align=&#8221;align-center&#8221; el_class=&#8221;align-center&#8221;][vc_column_inner el_class=&#8221;text-center&#8221; offset=&#8221;vc_col-lg-6 vc_col-md-9&#8243;][\/vc_column_inner][\/vc_row_inner]\t<div class=\"et-image-93 et-image aligncenter    et_image_link\">\n\t\t<div class=\"et-image-inner animation scale\">\n\t\t\t\t\t\t\t<div class=\"et-image-thumb \">\n\t\t\t\t\t<img loading=\"lazy\" decoding=\"async\" width=\"735\" height=\"795\" src=\"https:\/\/hejaco.com\/wp-content\/uploads\/2026\/04\/indir-43.jpeg\" class=\"attachment-full\" alt=\"\" title=\"indir (43)\" srcset=\"https:\/\/hejaco.com\/wp-content\/uploads\/2026\/04\/indir-43.jpeg 735w, https:\/\/hejaco.com\/wp-content\/uploads\/2026\/04\/indir-43-277x300.jpeg 277w, https:\/\/hejaco.com\/wp-content\/uploads\/2026\/04\/indir-43-139x150.jpeg 139w, https:\/\/hejaco.com\/wp-content\/uploads\/2026\/04\/indir-43-450x487.jpeg 450w\" sizes=\"auto, (max-width: 735px) 100vw, 735px\" \/>\t\t\t\t<\/div>\n\t\t\t\t\t\t\t\t\t\t\t<\/div>\n\t<\/div>\n  [\/vc_column][\/vc_row]\n<\/div>","protected":false},"excerpt":{"rendered":"<p>[vc_row et_full_width=&#8221;true&#8221; et_row_padding=&#8221;true&#8221;][vc_column][vc_separator css=&#8221;.vc_custom_1556305572662{margin-bottom: 0px !important;}&#8221;][vc_row_inner][vc_column_inner][\/vc_column_inner][\/vc_row_inner][\/vc_column][\/vc_row][vc_row et_full_width=&#8221;true&#8221; et_row_padding=&#8221;true&#8221;][vc_column][vc_separator css=&#8221;.vc_custom_1556305572662{margin-bottom: 0px !important;}&#8221;][\/vc_column][\/vc_row][vc_row css=&#8221;.vc_custom_1579142113600{margin-top: 60px !important;margin-bottom: 40px !important;}&#8221;][vc_column animation=&#8221;animation bottom-to-top&#8221;][vc_row_inner el_class=&#8221;align-center&#8221;][vc_column_inner el_class=&#8221;text-center&#8221; offset=&#8221;vc_col-lg-6 vc_col-md-9&#8243;][vc_column_text css=&#8221;&#8221;] En \u00c7ok Tercih Edilenler Ersin U\u00e7ar Signature Tak\u0131severlerin vazge\u00e7ilmezi olan, en pop\u00fcler kolye ve bilezik modellerimizi inceleyin. Kalitesi ve tasar\u0131m\u0131yla fark yaratan bu par\u00e7alar, stoklar t\u00fckenmeden sizin [&hellip;]<\/p>\n","protected":false},"author":1,"featured_media":0,"parent":0,"menu_order":0,"comment_status":"closed","ping_status":"closed","template":"","meta":{"footnotes":""},"class_list":["post-861","page","type-page","status-publish","hentry"],"_links":{"self":[{"href":"https:\/\/hejaco.com\/index.php\/wp-json\/wp\/v2\/pages\/861","targetHints":{"allow":["GET"]}}],"collection":[{"href":"https:\/\/hejaco.com\/index.php\/wp-json\/wp\/v2\/pages"}],"about":[{"href":"https:\/\/hejaco.com\/index.php\/wp-json\/wp\/v2\/types\/page"}],"author":[{"embeddable":true,"href":"https:\/\/hejaco.com\/index.php\/wp-json\/wp\/v2\/users\/1"}],"replies":[{"embeddable":true,"href":"https:\/\/hejaco.com\/index.php\/wp-json\/wp\/v2\/comments?post=861"}],"version-history":[{"count":26,"href":"https:\/\/hejaco.com\/index.php\/wp-json\/wp\/v2\/pages\/861\/revisions"}],"predecessor-version":[{"id":4303,"href":"https:\/\/hejaco.com\/index.php\/wp-json\/wp\/v2\/pages\/861\/revisions\/4303"}],"wp:attachment":[{"href":"https:\/\/hejaco.com\/index.php\/wp-json\/wp\/v2\/media?parent=861"}],"curies":[{"name":"wp","href":"https:\/\/api.w.org\/{rel}","templated":true}]}}