{"id":4304,"date":"2026-04-10T15:22:37","date_gmt":"2026-04-10T12:22:37","guid":{"rendered":"https:\/\/hejaco.com\/?page_id=4161"},"modified":"2026-04-10T19:53:29","modified_gmt":"2026-04-10T16:53:29","slug":"ayakkabilar-1","status":"publish","type":"page","link":"https:\/\/hejaco.com\/index.php\/ayakkabilar-1\/","title":{"rendered":"Ayakkab\u0131lar"},"content":{"rendered":"<div class=\"wpb-content-wrapper\">[vc_row et_full_width=&#8221;true&#8221;][vc_column][vc_column_text css=&#8221;&#8221;]\n<div class=\"hejaco-wrapper\" style=\"padding: 40px 0; font-family: 'Jost', sans-serif; max-width: 1200px; margin: 0 auto;\">\n<div style=\"display: flex; flex-wrap: wrap; justify-content: center; gap: 20px; padding: 0 15px;\">\n<div style=\"flex: 1 1 calc(25% - 20px); min-width: 200px; max-width: 280px; text-align: center; margin-bottom: 30px;\">\n<div style=\"color: #fff; font-size: 14px; font-weight: 400; letter-spacing: 1px; text-transform: uppercase; margin-bottom: 8px;\">\n<div style=\"width: 100%; aspect-ratio: 1\/1; overflow: hidden; background-color: #111; margin-bottom: 15px;\"><img loading=\"lazy\" decoding=\"async\" class=\"alignnone wp-image-4184 size-medium\" src=\"https:\/\/hejaco.com\/wp-content\/uploads\/2026\/04\/Resim-Yuklenecek-300x300.jpg\" alt=\"\" width=\"300\" height=\"300\" srcset=\"https:\/\/hejaco.com\/wp-content\/uploads\/2026\/04\/Resim-Yuklenecek-300x300.jpg 300w, https:\/\/hejaco.com\/wp-content\/uploads\/2026\/04\/Resim-Yuklenecek-150x150.jpg 150w, https:\/\/hejaco.com\/wp-content\/uploads\/2026\/04\/Resim-Yuklenecek-450x449.jpg 450w, https:\/\/hejaco.com\/wp-content\/uploads\/2026\/04\/Resim-Yuklenecek-100x100.jpg 100w, https:\/\/hejaco.com\/wp-content\/uploads\/2026\/04\/Resim-Yuklenecek-50x50.jpg 50w, https:\/\/hejaco.com\/wp-content\/uploads\/2026\/04\/Resim-Yuklenecek.jpg 456w\" sizes=\"auto, (max-width: 300px) 100vw, 300px\" \/><\/div>\n<div style=\"color: #fff; font-size: 14px; font-weight: 400; letter-spacing: 1px; text-transform: uppercase; margin-bottom: 8px;\">\u0130sim Eklenecek<\/div>\n<div style=\"color: #c9a45c; font-size: 17px; font-weight: 500;\">0 TL<\/div>\n<\/div>\n<\/div>\n<div style=\"flex: 1 1 calc(25% - 20px); min-width: 200px; max-width: 280px; text-align: center; margin-bottom: 30px;\">\n<div style=\"width: 100%; aspect-ratio: 1\/1; overflow: hidden; background-color: #111; margin-bottom: 15px;\"><img loading=\"lazy\" decoding=\"async\" class=\"alignnone wp-image-4184 size-medium\" src=\"https:\/\/hejaco.com\/wp-content\/uploads\/2026\/04\/Resim-Yuklenecek-300x300.jpg\" alt=\"\" width=\"300\" height=\"300\" srcset=\"https:\/\/hejaco.com\/wp-content\/uploads\/2026\/04\/Resim-Yuklenecek-300x300.jpg 300w, https:\/\/hejaco.com\/wp-content\/uploads\/2026\/04\/Resim-Yuklenecek-150x150.jpg 150w, https:\/\/hejaco.com\/wp-content\/uploads\/2026\/04\/Resim-Yuklenecek-450x449.jpg 450w, https:\/\/hejaco.com\/wp-content\/uploads\/2026\/04\/Resim-Yuklenecek-100x100.jpg 100w, https:\/\/hejaco.com\/wp-content\/uploads\/2026\/04\/Resim-Yuklenecek-50x50.jpg 50w, https:\/\/hejaco.com\/wp-content\/uploads\/2026\/04\/Resim-Yuklenecek.jpg 456w\" sizes=\"auto, (max-width: 300px) 100vw, 300px\" \/><\/div>\n<div style=\"color: #fff; font-size: 14px; font-weight: 400; letter-spacing: 1px; text-transform: uppercase; margin-bottom: 8px;\">\u0130sim Eklenecek<\/div>\n<div style=\"color: #c9a45c; font-size: 17px; font-weight: 500;\">0 TL<\/div>\n<\/div>\n<div style=\"flex: 1 1 calc(25% - 20px); min-width: 200px; max-width: 280px; text-align: center; margin-bottom: 30px;\">\n<div style=\"width: 100%; aspect-ratio: 1\/1; overflow: hidden; background-color: #111; margin-bottom: 15px;\"><img loading=\"lazy\" decoding=\"async\" class=\"alignnone wp-image-4184 size-medium\" src=\"https:\/\/hejaco.com\/wp-content\/uploads\/2026\/04\/Resim-Yuklenecek-300x300.jpg\" alt=\"\" width=\"300\" height=\"300\" srcset=\"https:\/\/hejaco.com\/wp-content\/uploads\/2026\/04\/Resim-Yuklenecek-300x300.jpg 300w, https:\/\/hejaco.com\/wp-content\/uploads\/2026\/04\/Resim-Yuklenecek-150x150.jpg 150w, https:\/\/hejaco.com\/wp-content\/uploads\/2026\/04\/Resim-Yuklenecek-450x449.jpg 450w, https:\/\/hejaco.com\/wp-content\/uploads\/2026\/04\/Resim-Yuklenecek-100x100.jpg 100w, https:\/\/hejaco.com\/wp-content\/uploads\/2026\/04\/Resim-Yuklenecek-50x50.jpg 50w, https:\/\/hejaco.com\/wp-content\/uploads\/2026\/04\/Resim-Yuklenecek.jpg 456w\" sizes=\"auto, (max-width: 300px) 100vw, 300px\" \/><\/div>\n<div style=\"color: #fff; font-size: 14px; font-weight: 400; letter-spacing: 1px; text-transform: uppercase; margin-bottom: 8px;\">\u0130sim Eklenecek<\/div>\n<div style=\"color: #c9a45c; font-size: 17px; font-weight: 500;\">0 TL<\/div>\n<\/div>\n<div style=\"flex: 1 1 calc(25% - 20px); min-width: 200px; max-width: 280px; text-align: center; margin-bottom: 30px;\">\n<div style=\"width: 100%; aspect-ratio: 1\/1; overflow: hidden; background-color: #111; margin-bottom: 15px;\"><img loading=\"lazy\" decoding=\"async\" class=\"alignnone wp-image-4184 size-medium\" src=\"https:\/\/hejaco.com\/wp-content\/uploads\/2026\/04\/Resim-Yuklenecek-300x300.jpg\" alt=\"\" width=\"300\" height=\"300\" srcset=\"https:\/\/hejaco.com\/wp-content\/uploads\/2026\/04\/Resim-Yuklenecek-300x300.jpg 300w, https:\/\/hejaco.com\/wp-content\/uploads\/2026\/04\/Resim-Yuklenecek-150x150.jpg 150w, https:\/\/hejaco.com\/wp-content\/uploads\/2026\/04\/Resim-Yuklenecek-450x449.jpg 450w, https:\/\/hejaco.com\/wp-content\/uploads\/2026\/04\/Resim-Yuklenecek-100x100.jpg 100w, https:\/\/hejaco.com\/wp-content\/uploads\/2026\/04\/Resim-Yuklenecek-50x50.jpg 50w, https:\/\/hejaco.com\/wp-content\/uploads\/2026\/04\/Resim-Yuklenecek.jpg 456w\" sizes=\"auto, (max-width: 300px) 100vw, 300px\" \/><\/div>\n<div style=\"color: #fff; font-size: 14px; font-weight: 400; letter-spacing: 1px; text-transform: uppercase; margin-bottom: 8px;\">\u0130sim Eklenecek<\/div>\n<div style=\"color: #c9a45c; font-size: 17px; font-weight: 500;\">0 TL<\/div>\n<\/div>\n<\/div>\n<\/div>\n[\/vc_column_text][vc_column_text css=&#8221;&#8221;]\n<div class=\"hejaco-wrapper\" style=\"padding: 40px 0; font-family: 'Jost', sans-serif; max-width: 1200px; margin: 0 auto;\">\n<div style=\"display: flex; flex-wrap: wrap; justify-content: center; gap: 20px; padding: 0 15px;\">\n<div style=\"flex: 1 1 calc(25% - 20px); min-width: 200px; max-width: 280px; text-align: center; margin-bottom: 30px;\">\n<div style=\"color: #fff; font-size: 14px; font-weight: 400; letter-spacing: 1px; text-transform: uppercase; margin-bottom: 8px;\">\n<div style=\"width: 100%; aspect-ratio: 1\/1; overflow: hidden; background-color: #111; margin-bottom: 15px;\"><img loading=\"lazy\" decoding=\"async\" class=\"alignnone wp-image-4184 size-medium\" src=\"https:\/\/hejaco.com\/wp-content\/uploads\/2026\/04\/Resim-Yuklenecek-300x300.jpg\" alt=\"\" width=\"300\" height=\"300\" srcset=\"https:\/\/hejaco.com\/wp-content\/uploads\/2026\/04\/Resim-Yuklenecek-300x300.jpg 300w, https:\/\/hejaco.com\/wp-content\/uploads\/2026\/04\/Resim-Yuklenecek-150x150.jpg 150w, https:\/\/hejaco.com\/wp-content\/uploads\/2026\/04\/Resim-Yuklenecek-450x449.jpg 450w, https:\/\/hejaco.com\/wp-content\/uploads\/2026\/04\/Resim-Yuklenecek-100x100.jpg 100w, https:\/\/hejaco.com\/wp-content\/uploads\/2026\/04\/Resim-Yuklenecek-50x50.jpg 50w, https:\/\/hejaco.com\/wp-content\/uploads\/2026\/04\/Resim-Yuklenecek.jpg 456w\" sizes=\"auto, (max-width: 300px) 100vw, 300px\" \/><\/div>\n<div style=\"color: #fff; font-size: 14px; font-weight: 400; letter-spacing: 1px; text-transform: uppercase; margin-bottom: 8px;\">\u0130sim Eklenecek<\/div>\n<div style=\"color: #c9a45c; font-size: 17px; font-weight: 500;\">0 TL<\/div>\n<\/div>\n<\/div>\n<div style=\"flex: 1 1 calc(25% - 20px); min-width: 200px; max-width: 280px; text-align: center; margin-bottom: 30px;\">\n<div style=\"width: 100%; aspect-ratio: 1\/1; overflow: hidden; background-color: #111; margin-bottom: 15px;\"><img loading=\"lazy\" decoding=\"async\" class=\"alignnone wp-image-4184 size-medium\" src=\"https:\/\/hejaco.com\/wp-content\/uploads\/2026\/04\/Resim-Yuklenecek-300x300.jpg\" alt=\"\" width=\"300\" height=\"300\" srcset=\"https:\/\/hejaco.com\/wp-content\/uploads\/2026\/04\/Resim-Yuklenecek-300x300.jpg 300w, https:\/\/hejaco.com\/wp-content\/uploads\/2026\/04\/Resim-Yuklenecek-150x150.jpg 150w, https:\/\/hejaco.com\/wp-content\/uploads\/2026\/04\/Resim-Yuklenecek-450x449.jpg 450w, https:\/\/hejaco.com\/wp-content\/uploads\/2026\/04\/Resim-Yuklenecek-100x100.jpg 100w, https:\/\/hejaco.com\/wp-content\/uploads\/2026\/04\/Resim-Yuklenecek-50x50.jpg 50w, https:\/\/hejaco.com\/wp-content\/uploads\/2026\/04\/Resim-Yuklenecek.jpg 456w\" sizes=\"auto, (max-width: 300px) 100vw, 300px\" \/><\/div>\n<div style=\"color: #fff; font-size: 14px; font-weight: 400; letter-spacing: 1px; text-transform: uppercase; margin-bottom: 8px;\">\n<div style=\"color: #fff; font-size: 14px; font-weight: 400; letter-spacing: 1px; text-transform: uppercase; margin-bottom: 8px;\">\u0130sim Eklenecek<\/div>\n<div style=\"color: #c9a45c; font-size: 17px; font-weight: 500;\">0 TL<\/div>\n<\/div>\n<\/div>\n<div style=\"flex: 1 1 calc(25% - 20px); min-width: 200px; max-width: 280px; text-align: center; margin-bottom: 30px;\">\n<div style=\"width: 100%; aspect-ratio: 1\/1; overflow: hidden; background-color: #111; margin-bottom: 15px;\"><img loading=\"lazy\" decoding=\"async\" class=\"alignnone wp-image-4184 size-medium\" src=\"https:\/\/hejaco.com\/wp-content\/uploads\/2026\/04\/Resim-Yuklenecek-300x300.jpg\" alt=\"\" width=\"300\" height=\"300\" srcset=\"https:\/\/hejaco.com\/wp-content\/uploads\/2026\/04\/Resim-Yuklenecek-300x300.jpg 300w, https:\/\/hejaco.com\/wp-content\/uploads\/2026\/04\/Resim-Yuklenecek-150x150.jpg 150w, https:\/\/hejaco.com\/wp-content\/uploads\/2026\/04\/Resim-Yuklenecek-450x449.jpg 450w, https:\/\/hejaco.com\/wp-content\/uploads\/2026\/04\/Resim-Yuklenecek-100x100.jpg 100w, https:\/\/hejaco.com\/wp-content\/uploads\/2026\/04\/Resim-Yuklenecek-50x50.jpg 50w, https:\/\/hejaco.com\/wp-content\/uploads\/2026\/04\/Resim-Yuklenecek.jpg 456w\" sizes=\"auto, (max-width: 300px) 100vw, 300px\" \/><\/div>\n<div style=\"color: #fff; font-size: 14px; font-weight: 400; letter-spacing: 1px; text-transform: uppercase; margin-bottom: 8px;\">\n<div style=\"color: #fff; font-size: 14px; font-weight: 400; letter-spacing: 1px; text-transform: uppercase; margin-bottom: 8px;\">\u0130sim Eklenecek<\/div>\n<div style=\"color: #c9a45c; font-size: 17px; font-weight: 500;\">0 TL<\/div>\n<\/div>\n<\/div>\n<div style=\"flex: 1 1 calc(25% - 20px); min-width: 200px; max-width: 280px; text-align: center; margin-bottom: 30px;\">\n<div style=\"width: 100%; aspect-ratio: 1\/1; overflow: hidden; background-color: #111; margin-bottom: 15px;\"><img loading=\"lazy\" decoding=\"async\" class=\"alignnone wp-image-4184 size-medium\" src=\"https:\/\/hejaco.com\/wp-content\/uploads\/2026\/04\/Resim-Yuklenecek-300x300.jpg\" alt=\"\" width=\"300\" height=\"300\" srcset=\"https:\/\/hejaco.com\/wp-content\/uploads\/2026\/04\/Resim-Yuklenecek-300x300.jpg 300w, https:\/\/hejaco.com\/wp-content\/uploads\/2026\/04\/Resim-Yuklenecek-150x150.jpg 150w, https:\/\/hejaco.com\/wp-content\/uploads\/2026\/04\/Resim-Yuklenecek-450x449.jpg 450w, https:\/\/hejaco.com\/wp-content\/uploads\/2026\/04\/Resim-Yuklenecek-100x100.jpg 100w, https:\/\/hejaco.com\/wp-content\/uploads\/2026\/04\/Resim-Yuklenecek-50x50.jpg 50w, https:\/\/hejaco.com\/wp-content\/uploads\/2026\/04\/Resim-Yuklenecek.jpg 456w\" sizes=\"auto, (max-width: 300px) 100vw, 300px\" \/><\/div>\n<div style=\"color: #fff; font-size: 14px; font-weight: 400; letter-spacing: 1px; text-transform: uppercase; margin-bottom: 8px;\">\n<div style=\"color: #fff; font-size: 14px; font-weight: 400; letter-spacing: 1px; text-transform: uppercase; margin-bottom: 8px;\">\u0130sim Eklenecek<\/div>\n<div style=\"color: #c9a45c; font-size: 17px; font-weight: 500;\">0 TL<\/div>\n<\/div>\n<\/div>\n<\/div>\n<\/div>\n[\/vc_column_text][\/vc_column][\/vc_row]\n<\/div>","protected":false},"excerpt":{"rendered":"<p>[vc_row et_full_width=&#8221;true&#8221;][vc_column][vc_column_text css=&#8221;&#8221;] \u0130sim Eklenecek 0 TL \u0130sim Eklenecek 0 TL \u0130sim Eklenecek 0 TL \u0130sim Eklenecek 0 TL [\/vc_column_text][vc_column_text css=&#8221;&#8221;] \u0130sim Eklenecek 0 TL \u0130sim Eklenecek 0 TL \u0130sim Eklenecek 0 TL \u0130sim Eklenecek 0 TL [\/vc_column_text][\/vc_column][\/vc_row]<\/p>\n","protected":false},"author":1,"featured_media":0,"parent":0,"menu_order":0,"comment_status":"closed","ping_status":"closed","template":"","meta":{"footnotes":""},"class_list":["post-4304","page","type-page","status-publish","hentry"],"_links":{"self":[{"href":"https:\/\/hejaco.com\/index.php\/wp-json\/wp\/v2\/pages\/4304","targetHints":{"allow":["GET"]}}],"collection":[{"href":"https:\/\/hejaco.com\/index.php\/wp-json\/wp\/v2\/pages"}],"about":[{"href":"https:\/\/hejaco.com\/index.php\/wp-json\/wp\/v2\/types\/page"}],"author":[{"embeddable":true,"href":"https:\/\/hejaco.com\/index.php\/wp-json\/wp\/v2\/users\/1"}],"replies":[{"embeddable":true,"href":"https:\/\/hejaco.com\/index.php\/wp-json\/wp\/v2\/comments?post=4304"}],"version-history":[{"count":0,"href":"https:\/\/hejaco.com\/index.php\/wp-json\/wp\/v2\/pages\/4304\/revisions"}],"wp:attachment":[{"href":"https:\/\/hejaco.com\/index.php\/wp-json\/wp\/v2\/media?parent=4304"}],"curies":[{"name":"wp","href":"https:\/\/api.w.org\/{rel}","templated":true}]}}