{"id":2221,"date":"2019-07-09T22:15:48","date_gmt":"2019-07-09T22:15:48","guid":{"rendered":"https:\/\/goya.everthemes.com\/demo-fashion\/?page_id=2221"},"modified":"2026-04-11T14:44:21","modified_gmt":"2026-04-11T11:44:21","slug":"contact","status":"publish","type":"page","link":"https:\/\/hejaco.com\/index.php\/contact\/","title":{"rendered":"ileti\u015fim"},"content":{"rendered":"<div class=\"wpb-content-wrapper\">[vc_row][vc_column][vc_column_text css=&#8221;&#8221;]\n\u00a0<br \/>\n[\/vc_column_text][\/vc_column][\/vc_row]\n[vc_row][vc_column width=&#8221;2\/3&#8243;][vc_goo_maps location=&#8221;T\u00fcrkiye \u0130stanbul&#8221; css=&#8221;&#8221;][\/vc_column]\n[vc_column width=&#8221;1\/3&#8243;]\n[vc_column_text css=&#8221;.vc_custom_1775853950951{margin-bottom: 20px !important;padding-bottom: 20px !important;}&#8221;]\n<h3>Sorular\u0131n\u0131z ve talepleriniz i\u00e7in bizimle ileti\u015fime ge\u00e7ebilirsiniz.<\/h3>\n[\/vc_column_text]\n<div style=\"display: flex; justify-content: flex-start; gap: 30px; margin-top: 20px;\">\n    [vc_icon icon_fontawesome=&#8221;fa fa-brands fa-instagram&#8221; color=&#8221;custom&#8221; size=&#8221;lg&#8221; align=&#8221;center&#8221; css_animation=&#8221;rollIn&#8221; css=&#8221;.vc_custom_1775853861617{border-radius: 30px !important;}&#8221; link=&#8221;url:https%3A%2F%2Fwww.instagram.com%2Fhejaco_%3Figsh%3DMWhqNDJqb3Jvdjd5bA%253D%253D%26utm_source%3Dqr&#8221; custom_color=&#8221;#FFFFFF&#8221;]\n<p>    [vc_icon icon_fontawesome=&#8221;fa fa-brands fa-whatsapp&#8221; color=&#8221;custom&#8221; size=&#8221;lg&#8221; align=&#8221;center&#8221; css_animation=&#8221;rollIn&#8221; css=&#8221;.vc_custom_1775853854760{border-radius: 30px !important;}&#8221; link=&#8221;url:https%3A%2F%2Fwa.me%2F905364701295&#8243; custom_color=&#8221;#FFFFFF&#8221;]\n<\/p><\/div>\n[\/vc_column][\/vc_row]\n<\/div>","protected":false},"excerpt":{"rendered":"<p>[vc_row][vc_column][vc_column_text css=&#8221;&#8221;] \u00a0 [\/vc_column_text][\/vc_column][\/vc_row] [vc_row][vc_column width=&#8221;2\/3&#8243;][vc_goo_maps location=&#8221;T\u00fcrkiye \u0130stanbul&#8221; css=&#8221;&#8221;][\/vc_column] [vc_column width=&#8221;1\/3&#8243;] [vc_column_text css=&#8221;.vc_custom_1775853950951{margin-bottom: 20px !important;padding-bottom: 20px !important;}&#8221;] Sorular\u0131n\u0131z ve talepleriniz i\u00e7in bizimle ileti\u015fime ge\u00e7ebilirsiniz. [\/vc_column_text] [vc_icon icon_fontawesome=&#8221;fa fa-brands fa-instagram&#8221; color=&#8221;custom&#8221; size=&#8221;lg&#8221; align=&#8221;center&#8221; css_animation=&#8221;rollIn&#8221; css=&#8221;.vc_custom_1775853861617{border-radius: 30px !important;}&#8221; link=&#8221;url:https%3A%2F%2Fwww.instagram.com%2Fhejaco_%3Figsh%3DMWhqNDJqb3Jvdjd5bA%253D%253D%26utm_source%3Dqr&#8221; custom_color=&#8221;#FFFFFF&#8221;] [vc_icon icon_fontawesome=&#8221;fa fa-brands fa-whatsapp&#8221; color=&#8221;custom&#8221; size=&#8221;lg&#8221; align=&#8221;center&#8221; css_animation=&#8221;rollIn&#8221; css=&#8221;.vc_custom_1775853854760{border-radius: 30px !important;}&#8221; link=&#8221;url:https%3A%2F%2Fwa.me%2F905364701295&#8243; [&hellip;]<\/p>\n","protected":false},"author":1,"featured_media":0,"parent":0,"menu_order":0,"comment_status":"closed","ping_status":"closed","template":"","meta":{"footnotes":""},"class_list":["post-2221","page","type-page","status-publish","hentry"],"_links":{"self":[{"href":"https:\/\/hejaco.com\/index.php\/wp-json\/wp\/v2\/pages\/2221","targetHints":{"allow":["GET"]}}],"collection":[{"href":"https:\/\/hejaco.com\/index.php\/wp-json\/wp\/v2\/pages"}],"about":[{"href":"https:\/\/hejaco.com\/index.php\/wp-json\/wp\/v2\/types\/page"}],"author":[{"embeddable":true,"href":"https:\/\/hejaco.com\/index.php\/wp-json\/wp\/v2\/users\/1"}],"replies":[{"embeddable":true,"href":"https:\/\/hejaco.com\/index.php\/wp-json\/wp\/v2\/comments?post=2221"}],"version-history":[{"count":49,"href":"https:\/\/hejaco.com\/index.php\/wp-json\/wp\/v2\/pages\/2221\/revisions"}],"predecessor-version":[{"id":4312,"href":"https:\/\/hejaco.com\/index.php\/wp-json\/wp\/v2\/pages\/2221\/revisions\/4312"}],"wp:attachment":[{"href":"https:\/\/hejaco.com\/index.php\/wp-json\/wp\/v2\/media?parent=2221"}],"curies":[{"name":"wp","href":"https:\/\/api.w.org\/{rel}","templated":true}]}}